{"id":21,"date":"2015-06-29T19:36:34","date_gmt":"2015-06-29T17:36:34","guid":{"rendered":"http:\/\/www.industriedemontage.at\/?page_id=21"},"modified":"2025-02-26T16:03:25","modified_gmt":"2025-02-26T15:03:25","slug":"unternehmen","status":"publish","type":"page","link":"http:\/\/www.industriedemontage.at\/?page_id=21","title":{"rendered":"Unternehmen"},"content":{"rendered":"<p>Wir stellen der Industrie mit unserem Unternehmen,<br \/>\nder WL Industriedemontage GmbH, einen kompetenten Partner im Bereich Abbruch und R\u00fcckbau von Industrieanlagen, Maschinenteilen und Geb\u00e4uden zur Verf\u00fcgung.<\/p>\n<p>Die Angebotspalette reicht von der einfachen Rohrleitungsdemontage, \u00fcber das Entkernen von Geb\u00e4uden, bis hin zu komplizierten und komplexen Demontagearbeiten im Bereich Chemie und Erd\u00f6lindustrie.<\/p>\n<p>Als Gesch\u00e4ftsf\u00fchrer der WL Industriedemontage GmbH bringe ich meine umfangreichen Erfahrungen der letzten Jahre als Leiter einer Abteilung f\u00fcr Industriedemontagen in das Unternehmen ein und kann sichere, sowie kosteneffiziente L\u00f6sungen in den Bereichen Abbruch, Demontage (auch zerst\u00f6rungsfrei, zur Wiederverwendung der Bauteile) und R\u00fcckbau anbieten.<\/p>\n<p>Ein Alleinstellungsmerkmal der WL Industriedemontage GmbH ist das individuell situationsangepasste Angebot. Kunden profitieren bei jedem Auftrag von dem jeweils individuell angefertigten Konzept (Sicherheitsplan, Zeitplan, Kostenermittlung, ben\u00f6tigte Ausr\u00fcstung, Fahrzeuge, Abbruchplan), welches bedarfsgerecht erstellt und anschlie\u00dfend mit verl\u00e4sslichen Partnern im Detail umgesetzt wird.<\/p>\n<p>H\u00f6chste Pr\u00e4zision und Genauigkeit in den Bereich Sicherheit und Ausf\u00fchrung haben in unserem Unternehmen oberste Priorit\u00e4t und sind selbstverst\u00e4ndlich.<\/p>\n<p>Ebenso selbstverst\u00e4ndlich ist die Einhaltung der gesetzlichen Bestimmung, speziell im Bereich Arbeitssicherheit und Sozialdumping.<\/p>\n<p>Eine detaillierte Auflistung der Leistungen finden Sie unter <a href=\"http:\/\/www.industriedemontage.at\/?page_id=23\">Dienstleistungen<\/a><\/p>\n<p>Ein Auszug unserer zufriedenen Kunden sind:<\/p>\n<ul>\n<li>Voest Alpine Linz<\/li>\n<li>Lenzing AG<\/li>\n<li>Roh\u00f6l-Aufsuchungs AG<\/li>\n<li>Donauchemie<\/li>\n<li>Porr \u00d6sterreich<\/li>\n<li>Habau<\/li>\n<li>\u00d6BB<\/li>\n<li>Greiner Multiform<\/li>\n<li>EWW<\/li>\n<li>Hexcell<\/li>\n<li>Linz AG<\/li>\n<li>Energie AG<\/li>\n<li>SIG Saalfelden<\/li>\n<li>Scholz Rohstoffhandel und viele weitere namhafte Unternehmen.<\/li>\n<\/ul>\n<p>&nbsp;<\/p>\n<p>&nbsp;<\/p>\n<p>&nbsp;<\/p>\n","protected":false},"excerpt":{"rendered":"<p>Wir stellen der Industrie mit unserem Unternehmen, der WL Industriedemontage GmbH, einen kompetenten Partner im Bereich Abbruch und R\u00fcckbau von Industrieanlagen, Maschinenteilen und Geb\u00e4uden zur Verf\u00fcgung. Die Angebotspalette reicht von der einfachen Rohrleitungsdemontage, \u00fcber das Entkernen von Geb\u00e4uden, bis hin zu komplizierten und komplexen Demontagearbeiten im Bereich Chemie und Erd\u00f6lindustrie. Als Gesch\u00e4ftsf\u00fchrer der WL Industriedemontage &hellip; <a href=\"http:\/\/www.industriedemontage.at\/?page_id=21\" class=\"more-link\"><span class=\"screen-reader-text\">Unternehmen<\/span> weiterlesen <span class=\"meta-nav\">&rarr;<\/span><\/a><\/p>\n","protected":false},"author":2,"featured_media":0,"parent":0,"menu_order":0,"comment_status":"closed","ping_status":"open","template":"","meta":{"footnotes":""},"_links":{"self":[{"href":"http:\/\/www.industriedemontage.at\/index.php?rest_route=\/wp\/v2\/pages\/21"}],"collection":[{"href":"http:\/\/www.industriedemontage.at\/index.php?rest_route=\/wp\/v2\/pages"}],"about":[{"href":"http:\/\/www.industriedemontage.at\/index.php?rest_route=\/wp\/v2\/types\/page"}],"author":[{"embeddable":true,"href":"http:\/\/www.industriedemontage.at\/index.php?rest_route=\/wp\/v2\/users\/2"}],"replies":[{"embeddable":true,"href":"http:\/\/www.industriedemontage.at\/index.php?rest_route=%2Fwp%2Fv2%2Fcomments&post=21"}],"version-history":[{"count":10,"href":"http:\/\/www.industriedemontage.at\/index.php?rest_route=\/wp\/v2\/pages\/21\/revisions"}],"predecessor-version":[{"id":748,"href":"http:\/\/www.industriedemontage.at\/index.php?rest_route=\/wp\/v2\/pages\/21\/revisions\/748"}],"wp:attachment":[{"href":"http:\/\/www.industriedemontage.at\/index.php?rest_route=%2Fwp%2Fv2%2Fmedia&parent=21"}],"curies":[{"name":"wp","href":"https:\/\/api.w.org\/{rel}","templated":true}]}}