{"id":25,"date":"2015-06-29T19:40:49","date_gmt":"2015-06-29T17:40:49","guid":{"rendered":"http:\/\/www.industriedemontage.at\/?page_id=25"},"modified":"2016-11-23T09:56:47","modified_gmt":"2016-11-23T08:56:47","slug":"team","status":"publish","type":"page","link":"http:\/\/www.industriedemontage.at\/?page_id=25","title":{"rendered":"Team"},"content":{"rendered":"<p>Gesch\u00e4ftsf\u00fchrung\/Inhaber: Lehner Wolfgang<\/p>\n<p><a href=\"http:\/\/www.industriedemontage.at\/wp-content\/uploads\/ICh.jpg\"><img loading=\"lazy\" decoding=\"async\" class=\"alignnone size-medium wp-image-428\" src=\"http:\/\/www.industriedemontage.at\/wp-content\/uploads\/ICh-300x263.jpg\" alt=\"ICh\" width=\"300\" height=\"263\" srcset=\"http:\/\/www.industriedemontage.at\/wp-content\/uploads\/ICh-300x263.jpg 300w, http:\/\/www.industriedemontage.at\/wp-content\/uploads\/ICh.jpg 747w\" sizes=\"(max-width: 300px) 100vw, 300px\" \/><\/a><\/p>\n<p>Qualifikationen:<\/p>\n<ul>\n<li>Unternehmerpr\u00fcfung<\/li>\n<li>Transportgewerbepr\u00fcfung<\/li>\n<li>Erdbaupr\u00fcfung<\/li>\n<li>Sprengbefugten Ausbildung<\/li>\n<li>Tischlergesellenpr\u00fcfung<\/li>\n<li>Kranschein<\/li>\n<li>Staplerschein<\/li>\n<li>F\u00fchrerscheine A B C E F<\/li>\n<li>SGU nach SCC<\/li>\n<li>Ipaf\/Pal Mobile Vertical (3a) Mobile Boom (3b)<\/li>\n<li>Langj\u00e4hrige Erfahrung in der Industriedemontage<\/li>\n<li>Langj\u00e4hrige Erfahrung mit Baumaschinen jeder Art<\/li>\n<li>Langj\u00e4hrige Erfahrung mit Lkw<\/li>\n<\/ul>\n","protected":false},"excerpt":{"rendered":"<p>Gesch\u00e4ftsf\u00fchrung\/Inhaber: Lehner Wolfgang Qualifikationen: Unternehmerpr\u00fcfung Transportgewerbepr\u00fcfung Erdbaupr\u00fcfung Sprengbefugten Ausbildung Tischlergesellenpr\u00fcfung Kranschein Staplerschein F\u00fchrerscheine A B C E F SGU nach SCC Ipaf\/Pal Mobile Vertical (3a) Mobile Boom (3b) Langj\u00e4hrige Erfahrung in der Industriedemontage Langj\u00e4hrige Erfahrung mit Baumaschinen jeder Art Langj\u00e4hrige Erfahrung mit Lkw<\/p>\n","protected":false},"author":2,"featured_media":0,"parent":0,"menu_order":0,"comment_status":"closed","ping_status":"open","template":"","meta":{"footnotes":""},"_links":{"self":[{"href":"http:\/\/www.industriedemontage.at\/index.php?rest_route=\/wp\/v2\/pages\/25"}],"collection":[{"href":"http:\/\/www.industriedemontage.at\/index.php?rest_route=\/wp\/v2\/pages"}],"about":[{"href":"http:\/\/www.industriedemontage.at\/index.php?rest_route=\/wp\/v2\/types\/page"}],"author":[{"embeddable":true,"href":"http:\/\/www.industriedemontage.at\/index.php?rest_route=\/wp\/v2\/users\/2"}],"replies":[{"embeddable":true,"href":"http:\/\/www.industriedemontage.at\/index.php?rest_route=%2Fwp%2Fv2%2Fcomments&post=25"}],"version-history":[{"count":13,"href":"http:\/\/www.industriedemontage.at\/index.php?rest_route=\/wp\/v2\/pages\/25\/revisions"}],"predecessor-version":[{"id":501,"href":"http:\/\/www.industriedemontage.at\/index.php?rest_route=\/wp\/v2\/pages\/25\/revisions\/501"}],"wp:attachment":[{"href":"http:\/\/www.industriedemontage.at\/index.php?rest_route=%2Fwp%2Fv2%2Fmedia&parent=25"}],"curies":[{"name":"wp","href":"https:\/\/api.w.org\/{rel}","templated":true}]}}