{"id":37,"date":"2015-06-29T20:08:47","date_gmt":"2015-06-29T18:08:47","guid":{"rendered":"http:\/\/www.industriedemontage.at\/?page_id=37"},"modified":"2025-02-26T09:18:23","modified_gmt":"2025-02-26T08:18:23","slug":"galerie","status":"publish","type":"page","link":"http:\/\/www.industriedemontage.at\/?page_id=37","title":{"rendered":"Galerie"},"content":{"rendered":"<p>Betrachten Sie die Fotos zu ausgew\u00e4hlten Projekten (Auswahl aus dem Men\u00fc bzw. Klick auf die nachstehenden Links):<\/p>\n<ul>\n<li><a href=\"http:\/\/www.industriedemontage.at\/?cat=4\">Br\u00fcckendemontage<\/a><\/li>\n<li><a href=\"http:\/\/www.industriedemontage.at\/?cat=15\">Kraftweksdemontge<\/a><\/li>\n<li><a href=\"http:\/\/www.industriedemontage.at\/?cat=8\">Industrieanlagen- und Maschinendemontage<\/a><\/li>\n<li><a href=\"http:\/\/www.industriedemontage.at\/?cat=11\">F\u00f6rder- und Behandlungsanlagendemontage<\/a><\/li>\n<li><a href=\"http:\/\/www.industriedemontage.at\/?cat=7\">Kessel- und Tankdemontage<\/a><\/li>\n<li><a href=\"http:\/\/www.industriedemontage.at\/?cat=5\">Krandemontage<\/a><\/li>\n<li><a href=\"http:\/\/www.industriedemontage.at\/?cat=13\">Schaltanlagendemontage<\/a><\/li>\n<li><a href=\"http:\/\/www.industriedemontage.at\/?cat=6\">Regaldemontage<\/a><\/li>\n<li><a href=\"http:\/\/www.industriedemontage.at\/?cat=14\">Heizungs- und L\u00fcftungsdemontage<\/a><\/li>\n<\/ul>\n<p>&nbsp;<\/p>\n","protected":false},"excerpt":{"rendered":"<p>Betrachten Sie die Fotos zu ausgew\u00e4hlten Projekten (Auswahl aus dem Men\u00fc bzw. Klick auf die nachstehenden Links): Br\u00fcckendemontage Kraftweksdemontge Industrieanlagen- und Maschinendemontage F\u00f6rder- und Behandlungsanlagendemontage Kessel- und Tankdemontage Krandemontage Schaltanlagendemontage Regaldemontage Heizungs- und L\u00fcftungsdemontage &nbsp;<\/p>\n","protected":false},"author":2,"featured_media":0,"parent":0,"menu_order":0,"comment_status":"closed","ping_status":"open","template":"","meta":{"footnotes":""},"_links":{"self":[{"href":"http:\/\/www.industriedemontage.at\/index.php?rest_route=\/wp\/v2\/pages\/37"}],"collection":[{"href":"http:\/\/www.industriedemontage.at\/index.php?rest_route=\/wp\/v2\/pages"}],"about":[{"href":"http:\/\/www.industriedemontage.at\/index.php?rest_route=\/wp\/v2\/types\/page"}],"author":[{"embeddable":true,"href":"http:\/\/www.industriedemontage.at\/index.php?rest_route=\/wp\/v2\/users\/2"}],"replies":[{"embeddable":true,"href":"http:\/\/www.industriedemontage.at\/index.php?rest_route=%2Fwp%2Fv2%2Fcomments&post=37"}],"version-history":[{"count":19,"href":"http:\/\/www.industriedemontage.at\/index.php?rest_route=\/wp\/v2\/pages\/37\/revisions"}],"predecessor-version":[{"id":738,"href":"http:\/\/www.industriedemontage.at\/index.php?rest_route=\/wp\/v2\/pages\/37\/revisions\/738"}],"wp:attachment":[{"href":"http:\/\/www.industriedemontage.at\/index.php?rest_route=%2Fwp%2Fv2%2Fmedia&parent=37"}],"curies":[{"name":"wp","href":"https:\/\/api.w.org\/{rel}","templated":true}]}}