{"id":2,"date":"2015-06-29T18:29:14","date_gmt":"2015-06-29T16:29:14","guid":{"rendered":""},"modified":"2015-07-14T10:39:37","modified_gmt":"2015-07-14T08:39:37","slug":"beispiel-seite","status":"publish","type":"page","link":"https:\/\/www.industriedemontage.at\/","title":{"rendered":"Willkommen bei WL Industriedemontage GmbH"},"content":{"rendered":"<p>Die Firma WL Industriedemontage GmbH ist ein Spezialunternehmen, das sich mit der Demontage und dem Abbruch von Industrieanlagen, Maschinenteilen und Geb\u00e4uden besch\u00e4ftigt.<\/p>\n<p>Eine Besonderheit unserer Firma ist die ausgesprochen hohe Flexibilit\u00e4t, sowohl zeitlich als auch projektbezogen. Wir bieten individuelle, situationsspezifische Speziall\u00f6sungen basierend auf langj\u00e4hrig in der Industrie erworbenem Know-how an und f\u00fchren die Auftr\u00e4ge mit hoher Einsatzbereitschaft durch. Wir arbeiten hochqualitativ, zuverl\u00e4ssig und sicher.<br \/>\nSie haben eine Problemstellung, wir finden die L\u00f6sung.<\/p>\n<p>Weitere Informationen zur Firma finden Sie unter <a href=\"http:\/\/www.industriedemontage.at\/?page_id=21\">Unternehmen<\/a>.<\/p>\n","protected":false},"excerpt":{"rendered":"<p>Die Firma WL Industriedemontage GmbH ist ein Spezialunternehmen, das sich mit der Demontage und dem Abbruch von Industrieanlagen, Maschinenteilen und Geb\u00e4uden besch\u00e4ftigt. Eine Besonderheit unserer Firma ist die ausgesprochen hohe Flexibilit\u00e4t, sowohl zeitlich als auch projektbezogen. Wir bieten individuelle, situationsspezifische Speziall\u00f6sungen basierend auf langj\u00e4hrig in der Industrie erworbenem Know-how an und f\u00fchren die Auftr\u00e4ge mit &hellip; <a href=\"https:\/\/www.industriedemontage.at\/\" class=\"more-link\"><span class=\"screen-reader-text\">Willkommen bei WL Industriedemontage GmbH<\/span> weiterlesen <span class=\"meta-nav\">&rarr;<\/span><\/a><\/p>\n","protected":false},"author":1,"featured_media":0,"parent":0,"menu_order":0,"comment_status":"closed","ping_status":"open","template":"","meta":{"footnotes":""},"_links":{"self":[{"href":"https:\/\/www.industriedemontage.at\/index.php?rest_route=\/wp\/v2\/pages\/2"}],"collection":[{"href":"https:\/\/www.industriedemontage.at\/index.php?rest_route=\/wp\/v2\/pages"}],"about":[{"href":"https:\/\/www.industriedemontage.at\/index.php?rest_route=\/wp\/v2\/types\/page"}],"author":[{"embeddable":true,"href":"https:\/\/www.industriedemontage.at\/index.php?rest_route=\/wp\/v2\/users\/1"}],"replies":[{"embeddable":true,"href":"https:\/\/www.industriedemontage.at\/index.php?rest_route=%2Fwp%2Fv2%2Fcomments&post=2"}],"version-history":[{"count":11,"href":"https:\/\/www.industriedemontage.at\/index.php?rest_route=\/wp\/v2\/pages\/2\/revisions"}],"predecessor-version":[{"id":277,"href":"https:\/\/www.industriedemontage.at\/index.php?rest_route=\/wp\/v2\/pages\/2\/revisions\/277"}],"wp:attachment":[{"href":"https:\/\/www.industriedemontage.at\/index.php?rest_route=%2Fwp%2Fv2%2Fmedia&parent=2"}],"curies":[{"name":"wp","href":"https:\/\/api.w.org\/{rel}","templated":true}]}}